{"id":302,"date":"2018-11-14T10:46:59","date_gmt":"2018-11-14T09:46:59","guid":{"rendered":"http:\/\/lesny.com.pl\/strona-glowna\/"},"modified":"2019-02-05T14:34:16","modified_gmt":"2019-02-05T13:34:16","slug":"startseite","status":"publish","type":"page","link":"http:\/\/lesny.com.pl\/de\/","title":{"rendered":"Startseite"},"content":{"rendered":"","protected":false},"excerpt":{"rendered":"","protected":false},"author":2,"featured_media":0,"parent":0,"menu_order":0,"comment_status":"closed","ping_status":"closed","template":"","meta":{"footnotes":""},"class_list":["post-302","page","type-page","status-publish","hentry"],"yoast_head":"<!-- This site is optimized with the Yoast SEO plugin v27.3 - https:\/\/yoast.com\/product\/yoast-seo-wordpress\/ -->\n<title>Kancelaria Prawna Le\u015bny &amp; Wsp\u00f3lnicy - Berater f\u00fcr eine bessere zukunft<\/title>\n<meta name=\"description\" content=\"Die umfangreiche Erfahrung der die Kanzlei bildenden Personen umfasst sowohl die bisherige allseitige Betreuung nat\u00fcrlicher Personen, wie auch komplexe Rechtsdienstleistungen f\u00fcr Firmen \u2013 von Gewerbetreibenden bis hin zu internationalen Unternehmen, die im Rahmen weltweiter Konzerne t\u00e4tig sind.\" \/>\n<meta name=\"robots\" content=\"index, follow, max-snippet:-1, max-image-preview:large, max-video-preview:-1\" \/>\n<link rel=\"canonical\" href=\"http:\/\/lesny.com.pl\/de\/\" \/>\n<meta property=\"og:locale\" content=\"de_DE\" \/>\n<meta property=\"og:type\" content=\"article\" \/>\n<meta property=\"og:title\" content=\"Kancelaria Prawna Le\u015bny &amp; Wsp\u00f3lnicy - Berater f\u00fcr eine bessere zukunft\" \/>\n<meta property=\"og:description\" content=\"Die umfangreiche Erfahrung der die Kanzlei bildenden Personen umfasst sowohl die bisherige allseitige Betreuung nat\u00fcrlicher Personen, wie auch komplexe Rechtsdienstleistungen f\u00fcr Firmen \u2013 von Gewerbetreibenden bis hin zu internationalen Unternehmen, die im Rahmen weltweiter Konzerne t\u00e4tig sind.\" \/>\n<meta property=\"og:url\" content=\"http:\/\/lesny.com.pl\/de\/\" \/>\n<meta property=\"og:site_name\" content=\"Kancelaria Prawna Le\u015bny i Wsp\u00f3lnicy\" \/>\n<meta property=\"article:modified_time\" content=\"2019-02-05T13:34:16+00:00\" \/>\n<meta name=\"twitter:card\" content=\"summary_large_image\" \/>\n<script type=\"application\/ld+json\" class=\"yoast-schema-graph\">{\"@context\":\"https:\\\/\\\/schema.org\",\"@graph\":[{\"@type\":\"WebPage\",\"@id\":\"http:\\\/\\\/lesny.com.pl\\\/de\\\/\",\"url\":\"http:\\\/\\\/lesny.com.pl\\\/de\\\/\",\"name\":\"Kancelaria Prawna Le\u015bny & Wsp\u00f3lnicy - Berater f\u00fcr eine bessere zukunft\",\"isPartOf\":{\"@id\":\"http:\\\/\\\/lesny.com.pl\\\/#website\"},\"datePublished\":\"2018-11-14T09:46:59+00:00\",\"dateModified\":\"2019-02-05T13:34:16+00:00\",\"description\":\"Die umfangreiche Erfahrung der die Kanzlei bildenden Personen umfasst sowohl die bisherige allseitige Betreuung nat\u00fcrlicher Personen, wie auch komplexe Rechtsdienstleistungen f\u00fcr Firmen \u2013 von Gewerbetreibenden bis hin zu internationalen Unternehmen, die im Rahmen weltweiter Konzerne t\u00e4tig sind.\",\"breadcrumb\":{\"@id\":\"http:\\\/\\\/lesny.com.pl\\\/de\\\/#breadcrumb\"},\"inLanguage\":\"de\",\"potentialAction\":[{\"@type\":\"ReadAction\",\"target\":[\"http:\\\/\\\/lesny.com.pl\\\/de\\\/\"]}]},{\"@type\":\"BreadcrumbList\",\"@id\":\"http:\\\/\\\/lesny.com.pl\\\/de\\\/#breadcrumb\",\"itemListElement\":[{\"@type\":\"ListItem\",\"position\":1,\"name\":\"Strona g\u0142\u00f3wna\",\"item\":\"http:\\\/\\\/lesny.com.pl\\\/de\\\/\"},{\"@type\":\"ListItem\",\"position\":2,\"name\":\"Startseite\"}]},{\"@type\":\"WebSite\",\"@id\":\"http:\\\/\\\/lesny.com.pl\\\/#website\",\"url\":\"http:\\\/\\\/lesny.com.pl\\\/\",\"name\":\"Kancelaria Prawna Le\u015bny i Wsp\u00f3lnicy\",\"description\":\"\",\"potentialAction\":[{\"@type\":\"SearchAction\",\"target\":{\"@type\":\"EntryPoint\",\"urlTemplate\":\"http:\\\/\\\/lesny.com.pl\\\/?s={search_term_string}\"},\"query-input\":{\"@type\":\"PropertyValueSpecification\",\"valueRequired\":true,\"valueName\":\"search_term_string\"}}],\"inLanguage\":\"de\"}]}<\/script>\n<!-- \/ Yoast SEO plugin. -->","yoast_head_json":{"title":"Kancelaria Prawna Le\u015bny & Wsp\u00f3lnicy - Berater f\u00fcr eine bessere zukunft","description":"Die umfangreiche Erfahrung der die Kanzlei bildenden Personen umfasst sowohl die bisherige allseitige Betreuung nat\u00fcrlicher Personen, wie auch komplexe Rechtsdienstleistungen f\u00fcr Firmen \u2013 von Gewerbetreibenden bis hin zu internationalen Unternehmen, die im Rahmen weltweiter Konzerne t\u00e4tig sind.","robots":{"index":"index","follow":"follow","max-snippet":"max-snippet:-1","max-image-preview":"max-image-preview:large","max-video-preview":"max-video-preview:-1"},"canonical":"http:\/\/lesny.com.pl\/de\/","og_locale":"de_DE","og_type":"article","og_title":"Kancelaria Prawna Le\u015bny & Wsp\u00f3lnicy - Berater f\u00fcr eine bessere zukunft","og_description":"Die umfangreiche Erfahrung der die Kanzlei bildenden Personen umfasst sowohl die bisherige allseitige Betreuung nat\u00fcrlicher Personen, wie auch komplexe Rechtsdienstleistungen f\u00fcr Firmen \u2013 von Gewerbetreibenden bis hin zu internationalen Unternehmen, die im Rahmen weltweiter Konzerne t\u00e4tig sind.","og_url":"http:\/\/lesny.com.pl\/de\/","og_site_name":"Kancelaria Prawna Le\u015bny i Wsp\u00f3lnicy","article_modified_time":"2019-02-05T13:34:16+00:00","twitter_card":"summary_large_image","schema":{"@context":"https:\/\/schema.org","@graph":[{"@type":"WebPage","@id":"http:\/\/lesny.com.pl\/de\/","url":"http:\/\/lesny.com.pl\/de\/","name":"Kancelaria Prawna Le\u015bny & Wsp\u00f3lnicy - Berater f\u00fcr eine bessere zukunft","isPartOf":{"@id":"http:\/\/lesny.com.pl\/#website"},"datePublished":"2018-11-14T09:46:59+00:00","dateModified":"2019-02-05T13:34:16+00:00","description":"Die umfangreiche Erfahrung der die Kanzlei bildenden Personen umfasst sowohl die bisherige allseitige Betreuung nat\u00fcrlicher Personen, wie auch komplexe Rechtsdienstleistungen f\u00fcr Firmen \u2013 von Gewerbetreibenden bis hin zu internationalen Unternehmen, die im Rahmen weltweiter Konzerne t\u00e4tig sind.","breadcrumb":{"@id":"http:\/\/lesny.com.pl\/de\/#breadcrumb"},"inLanguage":"de","potentialAction":[{"@type":"ReadAction","target":["http:\/\/lesny.com.pl\/de\/"]}]},{"@type":"BreadcrumbList","@id":"http:\/\/lesny.com.pl\/de\/#breadcrumb","itemListElement":[{"@type":"ListItem","position":1,"name":"Strona g\u0142\u00f3wna","item":"http:\/\/lesny.com.pl\/de\/"},{"@type":"ListItem","position":2,"name":"Startseite"}]},{"@type":"WebSite","@id":"http:\/\/lesny.com.pl\/#website","url":"http:\/\/lesny.com.pl\/","name":"Kancelaria Prawna Le\u015bny i Wsp\u00f3lnicy","description":"","potentialAction":[{"@type":"SearchAction","target":{"@type":"EntryPoint","urlTemplate":"http:\/\/lesny.com.pl\/?s={search_term_string}"},"query-input":{"@type":"PropertyValueSpecification","valueRequired":true,"valueName":"search_term_string"}}],"inLanguage":"de"}]}},"_links":{"self":[{"href":"http:\/\/lesny.com.pl\/de\/wp-json\/wp\/v2\/pages\/302","targetHints":{"allow":["GET"]}}],"collection":[{"href":"http:\/\/lesny.com.pl\/de\/wp-json\/wp\/v2\/pages"}],"about":[{"href":"http:\/\/lesny.com.pl\/de\/wp-json\/wp\/v2\/types\/page"}],"author":[{"embeddable":true,"href":"http:\/\/lesny.com.pl\/de\/wp-json\/wp\/v2\/users\/2"}],"replies":[{"embeddable":true,"href":"http:\/\/lesny.com.pl\/de\/wp-json\/wp\/v2\/comments?post=302"}],"version-history":[{"count":9,"href":"http:\/\/lesny.com.pl\/de\/wp-json\/wp\/v2\/pages\/302\/revisions"}],"predecessor-version":[{"id":581,"href":"http:\/\/lesny.com.pl\/de\/wp-json\/wp\/v2\/pages\/302\/revisions\/581"}],"wp:attachment":[{"href":"http:\/\/lesny.com.pl\/de\/wp-json\/wp\/v2\/media?parent=302"}],"curies":[{"name":"wp","href":"https:\/\/api.w.org\/{rel}","templated":true}]}}