{"id":508,"date":"2019-02-05T13:42:40","date_gmt":"2019-02-05T12:42:40","guid":{"rendered":"http:\/\/lesny.com.pl\/?page_id=508"},"modified":"2019-02-05T13:42:41","modified_gmt":"2019-02-05T12:42:41","slug":"kanzlei","status":"publish","type":"page","link":"http:\/\/lesny.com.pl\/de\/kanzlei\/","title":{"rendered":"Kanzlei"},"content":{"rendered":"\n<p>Hauptziel der T\u00e4tigkeit der Kanzlei <em>Kancelaria Prawna Le\u015bny i&nbsp;Wsp\u00f3lnicy <\/em>ist die Erschaffung einer Firma, die Erfahrung mit der \u00d6ffnung hin zur sich dynamisch ver\u00e4ndernden juristischen Realit\u00e4t in einem Grad verbindet, der es erlaubt, sowohl individuellen Mandanten, wie auch Unternehmen professionelle Rechtsdienstleistungen unter Ber\u00fccksichtigung der h\u00f6chsten Standards der juristischen Ethik unabh\u00e4ngig von der Natur der betroffenen Rechtsfrage anzubieten.<\/p>\n\n\n\n<p>Die Kanzlei bietet Rechtsberatung sowohl f\u00fcr individuelle Mandanten, wie auch f\u00fcr Wirtschaftssubjekte an. Die umfangreiche Erfahrung der die Kanzlei bildenden Personen umfasst sowohl die bisherige allseitige Betreuung nat\u00fcrlicher Personen, wie auch komplexe Rechtsdienstleistungen f\u00fcr Firmen \u2013 von Gewerbetreibenden bis hin zu internationalen Unternehmen, die im Rahmen weltweiter Konzerne t\u00e4tig sind.<\/p>\n\n\n\n<p>Die Kanzlei spezialisiert sich auf die komplexe Rechtsbetreuung von Organisationseinheiten der \u00f6ffentlichen Verwaltung unter Ber\u00fccksichtigung der laufenden juristischen Beratung sowie spezieller Umgestaltungs- und Investitionsprojekte.<br>\nDas T\u00e4tigkeitsfeld der Kanzlei umfasst aber auch Beratungen im Bereich der Erlangung von Mitteln aus den Strukturfonds der Europ\u00e4ischen Union unter Ber\u00fccksichtigung einer komplexen juristischen Betreuung im Verfahren ihrer Gewinnung.<\/p>\n","protected":false},"excerpt":{"rendered":"<p>Hauptziel der T\u00e4tigkeit der Kanzlei Kancelaria Prawna Le\u015bny i&nbsp;Wsp\u00f3lnicy ist die Erschaffung einer Firma, die Erfahrung mit der \u00d6ffnung hin zur sich dynamisch ver\u00e4ndernden juristischen Realit\u00e4t in einem Grad verbindet, der es erlaubt, sowohl individuellen Mandanten, wie auch Unternehmen professionelle Rechtsdienstleistungen unter Ber\u00fccksichtigung der h\u00f6chsten Standards der juristischen Ethik unabh\u00e4ngig von der Natur der betroffenen [&hellip;]<\/p>\n","protected":false},"author":2,"featured_media":0,"parent":0,"menu_order":0,"comment_status":"closed","ping_status":"closed","template":"","meta":{"footnotes":""},"class_list":["post-508","page","type-page","status-publish","hentry"],"yoast_head":"<!-- This site is optimized with the Yoast SEO plugin v27.3 - https:\/\/yoast.com\/product\/yoast-seo-wordpress\/ -->\n<title>Kanzlei - Kancelaria Prawna Le\u015bny i Wsp\u00f3lnicy<\/title>\n<meta name=\"robots\" content=\"index, follow, max-snippet:-1, max-image-preview:large, max-video-preview:-1\" \/>\n<link rel=\"canonical\" href=\"https:\/\/lesny.com.pl\/de\/kanzlei\/\" \/>\n<meta property=\"og:locale\" content=\"de_DE\" \/>\n<meta property=\"og:type\" content=\"article\" \/>\n<meta property=\"og:title\" content=\"Kanzlei - Kancelaria Prawna Le\u015bny i Wsp\u00f3lnicy\" \/>\n<meta property=\"og:description\" content=\"Hauptziel der T\u00e4tigkeit der Kanzlei Kancelaria Prawna Le\u015bny i&nbsp;Wsp\u00f3lnicy ist die Erschaffung einer Firma, die Erfahrung mit der \u00d6ffnung hin zur sich dynamisch ver\u00e4ndernden juristischen Realit\u00e4t in einem Grad verbindet, der es erlaubt, sowohl individuellen Mandanten, wie auch Unternehmen professionelle Rechtsdienstleistungen unter Ber\u00fccksichtigung der h\u00f6chsten Standards der juristischen Ethik unabh\u00e4ngig von der Natur der betroffenen [&hellip;]\" \/>\n<meta property=\"og:url\" content=\"https:\/\/lesny.com.pl\/de\/kanzlei\/\" \/>\n<meta property=\"og:site_name\" content=\"Kancelaria Prawna Le\u015bny i Wsp\u00f3lnicy\" \/>\n<meta property=\"article:modified_time\" content=\"2019-02-05T12:42:41+00:00\" \/>\n<meta name=\"twitter:card\" content=\"summary_large_image\" \/>\n<meta name=\"twitter:label1\" content=\"Gesch\u00e4tzte Lesezeit\" \/>\n\t<meta name=\"twitter:data1\" content=\"1\u00a0Minute\" \/>\n<script type=\"application\/ld+json\" class=\"yoast-schema-graph\">{\"@context\":\"https:\\\/\\\/schema.org\",\"@graph\":[{\"@type\":\"WebPage\",\"@id\":\"https:\\\/\\\/lesny.com.pl\\\/de\\\/kanzlei\\\/\",\"url\":\"https:\\\/\\\/lesny.com.pl\\\/de\\\/kanzlei\\\/\",\"name\":\"Kanzlei - Kancelaria Prawna Le\u015bny i Wsp\u00f3lnicy\",\"isPartOf\":{\"@id\":\"http:\\\/\\\/lesny.com.pl\\\/#website\"},\"datePublished\":\"2019-02-05T12:42:40+00:00\",\"dateModified\":\"2019-02-05T12:42:41+00:00\",\"breadcrumb\":{\"@id\":\"https:\\\/\\\/lesny.com.pl\\\/de\\\/kanzlei\\\/#breadcrumb\"},\"inLanguage\":\"de\",\"potentialAction\":[{\"@type\":\"ReadAction\",\"target\":[\"https:\\\/\\\/lesny.com.pl\\\/de\\\/kanzlei\\\/\"]}]},{\"@type\":\"BreadcrumbList\",\"@id\":\"https:\\\/\\\/lesny.com.pl\\\/de\\\/kanzlei\\\/#breadcrumb\",\"itemListElement\":[{\"@type\":\"ListItem\",\"position\":1,\"name\":\"Strona g\u0142\u00f3wna\",\"item\":\"http:\\\/\\\/lesny.com.pl\\\/de\\\/\"},{\"@type\":\"ListItem\",\"position\":2,\"name\":\"Kanzlei\"}]},{\"@type\":\"WebSite\",\"@id\":\"http:\\\/\\\/lesny.com.pl\\\/#website\",\"url\":\"http:\\\/\\\/lesny.com.pl\\\/\",\"name\":\"Kancelaria Prawna Le\u015bny i Wsp\u00f3lnicy\",\"description\":\"\",\"potentialAction\":[{\"@type\":\"SearchAction\",\"target\":{\"@type\":\"EntryPoint\",\"urlTemplate\":\"http:\\\/\\\/lesny.com.pl\\\/?s={search_term_string}\"},\"query-input\":{\"@type\":\"PropertyValueSpecification\",\"valueRequired\":true,\"valueName\":\"search_term_string\"}}],\"inLanguage\":\"de\"}]}<\/script>\n<!-- \/ Yoast SEO plugin. -->","yoast_head_json":{"title":"Kanzlei - Kancelaria Prawna Le\u015bny i Wsp\u00f3lnicy","robots":{"index":"index","follow":"follow","max-snippet":"max-snippet:-1","max-image-preview":"max-image-preview:large","max-video-preview":"max-video-preview:-1"},"canonical":"https:\/\/lesny.com.pl\/de\/kanzlei\/","og_locale":"de_DE","og_type":"article","og_title":"Kanzlei - Kancelaria Prawna Le\u015bny i Wsp\u00f3lnicy","og_description":"Hauptziel der T\u00e4tigkeit der Kanzlei Kancelaria Prawna Le\u015bny i&nbsp;Wsp\u00f3lnicy ist die Erschaffung einer Firma, die Erfahrung mit der \u00d6ffnung hin zur sich dynamisch ver\u00e4ndernden juristischen Realit\u00e4t in einem Grad verbindet, der es erlaubt, sowohl individuellen Mandanten, wie auch Unternehmen professionelle Rechtsdienstleistungen unter Ber\u00fccksichtigung der h\u00f6chsten Standards der juristischen Ethik unabh\u00e4ngig von der Natur der betroffenen [&hellip;]","og_url":"https:\/\/lesny.com.pl\/de\/kanzlei\/","og_site_name":"Kancelaria Prawna Le\u015bny i Wsp\u00f3lnicy","article_modified_time":"2019-02-05T12:42:41+00:00","twitter_card":"summary_large_image","twitter_misc":{"Gesch\u00e4tzte Lesezeit":"1\u00a0Minute"},"schema":{"@context":"https:\/\/schema.org","@graph":[{"@type":"WebPage","@id":"https:\/\/lesny.com.pl\/de\/kanzlei\/","url":"https:\/\/lesny.com.pl\/de\/kanzlei\/","name":"Kanzlei - Kancelaria Prawna Le\u015bny i Wsp\u00f3lnicy","isPartOf":{"@id":"http:\/\/lesny.com.pl\/#website"},"datePublished":"2019-02-05T12:42:40+00:00","dateModified":"2019-02-05T12:42:41+00:00","breadcrumb":{"@id":"https:\/\/lesny.com.pl\/de\/kanzlei\/#breadcrumb"},"inLanguage":"de","potentialAction":[{"@type":"ReadAction","target":["https:\/\/lesny.com.pl\/de\/kanzlei\/"]}]},{"@type":"BreadcrumbList","@id":"https:\/\/lesny.com.pl\/de\/kanzlei\/#breadcrumb","itemListElement":[{"@type":"ListItem","position":1,"name":"Strona g\u0142\u00f3wna","item":"http:\/\/lesny.com.pl\/de\/"},{"@type":"ListItem","position":2,"name":"Kanzlei"}]},{"@type":"WebSite","@id":"http:\/\/lesny.com.pl\/#website","url":"http:\/\/lesny.com.pl\/","name":"Kancelaria Prawna Le\u015bny i Wsp\u00f3lnicy","description":"","potentialAction":[{"@type":"SearchAction","target":{"@type":"EntryPoint","urlTemplate":"http:\/\/lesny.com.pl\/?s={search_term_string}"},"query-input":{"@type":"PropertyValueSpecification","valueRequired":true,"valueName":"search_term_string"}}],"inLanguage":"de"}]}},"_links":{"self":[{"href":"http:\/\/lesny.com.pl\/de\/wp-json\/wp\/v2\/pages\/508","targetHints":{"allow":["GET"]}}],"collection":[{"href":"http:\/\/lesny.com.pl\/de\/wp-json\/wp\/v2\/pages"}],"about":[{"href":"http:\/\/lesny.com.pl\/de\/wp-json\/wp\/v2\/types\/page"}],"author":[{"embeddable":true,"href":"http:\/\/lesny.com.pl\/de\/wp-json\/wp\/v2\/users\/2"}],"replies":[{"embeddable":true,"href":"http:\/\/lesny.com.pl\/de\/wp-json\/wp\/v2\/comments?post=508"}],"version-history":[{"count":1,"href":"http:\/\/lesny.com.pl\/de\/wp-json\/wp\/v2\/pages\/508\/revisions"}],"predecessor-version":[{"id":509,"href":"http:\/\/lesny.com.pl\/de\/wp-json\/wp\/v2\/pages\/508\/revisions\/509"}],"wp:attachment":[{"href":"http:\/\/lesny.com.pl\/de\/wp-json\/wp\/v2\/media?parent=508"}],"curies":[{"name":"wp","href":"https:\/\/api.w.org\/{rel}","templated":true}]}}